{"id":17,"date":"2026-04-10T17:40:28","date_gmt":"2026-04-10T17:40:28","guid":{"rendered":"https:\/\/corinalawrence.com\/?page_id=17"},"modified":"2026-04-15T16:56:25","modified_gmt":"2026-04-15T16:56:25","slug":"m-i-s-a","status":"publish","type":"page","link":"https:\/\/corinalawrence.com\/?page_id=17","title":{"rendered":"M.I.S.A"},"content":{"rendered":"\n<p><strong>Mente Infinita, Sabidur\u00eda Amorosa<\/strong><\/p>\n\n\n\n<p>Encuentros online guiados por Corina Lawrence.<\/p>\n\n\n\n<p>Inspiraci\u00f3n para la transformaci\u00f3n.<\/p>\n\n\n\n<p>Lunes, 7pm Tulum \/ 6pm CDMX \/ 9pm AR<\/p>\n\n\n\n<p><\/p>\n\n\n\n<p><\/p>\n","protected":false},"excerpt":{"rendered":"<p>Mente Infinita, Sabidur\u00eda Amorosa Encuentros online guiados por Corina Lawrence. Inspiraci\u00f3n para la transformaci\u00f3n. Lunes, 7pm Tulum \/ 6pm CDMX \/ 9pm AR<\/p>\n","protected":false},"author":1,"featured_media":0,"parent":0,"menu_order":0,"comment_status":"closed","ping_status":"closed","template":"","meta":{"footnotes":""},"class_list":["post-17","page","type-page","status-publish","hentry"],"jetpack_sharing_enabled":true,"_links":{"self":[{"href":"https:\/\/corinalawrence.com\/index.php?rest_route=\/wp\/v2\/pages\/17","targetHints":{"allow":["GET"]}}],"collection":[{"href":"https:\/\/corinalawrence.com\/index.php?rest_route=\/wp\/v2\/pages"}],"about":[{"href":"https:\/\/corinalawrence.com\/index.php?rest_route=\/wp\/v2\/types\/page"}],"author":[{"embeddable":true,"href":"https:\/\/corinalawrence.com\/index.php?rest_route=\/wp\/v2\/users\/1"}],"replies":[{"embeddable":true,"href":"https:\/\/corinalawrence.com\/index.php?rest_route=%2Fwp%2Fv2%2Fcomments&post=17"}],"version-history":[{"count":5,"href":"https:\/\/corinalawrence.com\/index.php?rest_route=\/wp\/v2\/pages\/17\/revisions"}],"predecessor-version":[{"id":36,"href":"https:\/\/corinalawrence.com\/index.php?rest_route=\/wp\/v2\/pages\/17\/revisions\/36"}],"wp:attachment":[{"href":"https:\/\/corinalawrence.com\/index.php?rest_route=%2Fwp%2Fv2%2Fmedia&parent=17"}],"curies":[{"name":"wp","href":"https:\/\/api.w.org\/{rel}","templated":true}]}}